{"id":29,"date":"2023-10-06T19:18:57","date_gmt":"2023-10-06T16:18:57","guid":{"rendered":"https:\/\/ulubir.paralaks.net\/?page_id=29"},"modified":"2024-12-09T21:54:36","modified_gmt":"2024-12-09T18:54:36","slug":"hakkimizda","status":"publish","type":"page","link":"https:\/\/sutar.com.tr\/de\/hakkimizda\/","title":{"rendered":"\u00dcBER UNS"},"content":{"rendered":"<p>Unser Familienunternehmen hat eine 35 j\u00e4hrige Geschichte. Nun verbinden sich die Gr\u00fcnder, \u00d6mer Sitar und seine Br\u00fcder mit der neuen Generation. Die zielstrebige und akkurante Arbeit verbindet Sie mit dem bek\u00f6mmlichen und heilkr\u00e4ftigen Wasser von Uluda\u011f.<\/p>\n","protected":false},"excerpt":{"rendered":"<p>Unser Familienunternehmen hat eine 35 j\u00e4hrige Geschichte. Nun verbinden sich die Gr\u00fcnder, \u00d6mer Sitar und seine Br\u00fcder mit der neuen Generation. Die zielstrebige und akkurante Arbeit verbindet Sie mit dem bek\u00f6mmlichen und heilkr\u00e4ftigen Wasser von Uluda\u011f.<\/p>\n","protected":false},"author":1,"featured_media":74,"parent":0,"menu_order":0,"comment_status":"closed","ping_status":"closed","template":"","meta":{"footnotes":""},"class_list":["post-29","page","type-page","status-publish","has-post-thumbnail","hentry"],"_links":{"self":[{"href":"https:\/\/sutar.com.tr\/de\/wp-json\/wp\/v2\/pages\/29","targetHints":{"allow":["GET"]}}],"collection":[{"href":"https:\/\/sutar.com.tr\/de\/wp-json\/wp\/v2\/pages"}],"about":[{"href":"https:\/\/sutar.com.tr\/de\/wp-json\/wp\/v2\/types\/page"}],"author":[{"embeddable":true,"href":"https:\/\/sutar.com.tr\/de\/wp-json\/wp\/v2\/users\/1"}],"replies":[{"embeddable":true,"href":"https:\/\/sutar.com.tr\/de\/wp-json\/wp\/v2\/comments?post=29"}],"version-history":[{"count":12,"href":"https:\/\/sutar.com.tr\/de\/wp-json\/wp\/v2\/pages\/29\/revisions"}],"predecessor-version":[{"id":275,"href":"https:\/\/sutar.com.tr\/de\/wp-json\/wp\/v2\/pages\/29\/revisions\/275"}],"wp:featuredmedia":[{"embeddable":true,"href":"https:\/\/sutar.com.tr\/de\/wp-json\/wp\/v2\/media\/74"}],"wp:attachment":[{"href":"https:\/\/sutar.com.tr\/de\/wp-json\/wp\/v2\/media?parent=29"}],"curies":[{"name":"wp","href":"https:\/\/api.w.org\/{rel}","templated":true}]}}